{"id":55,"date":"2014-04-15T07:45:14","date_gmt":"2014-04-15T07:45:14","guid":{"rendered":"http:\/\/pansion-ivo.com\/?page_id=55"},"modified":"2022-10-25T17:18:41","modified_gmt":"2022-10-25T15:18:41","slug":"cjene","status":"publish","type":"page","link":"http:\/\/pansion-ivo.com\/?page_id=55","title":{"rendered":"Cijene"},"content":{"rendered":"\n<table id=\"tablepress-3\" class=\"tablepress tablepress-id-3\">\n<thead>\n<tr class=\"row-1 odd\">\n\t<th class=\"column-1\">&nbsp;<\/th><th class=\"column-2\">01.06 - 30.06<\/th><th class=\"column-3\">01.07 - 14.07<\/th><th class=\"column-4\">15.07 - 19.08<\/th><th class=\"column-5\">20.08 - 31.08<\/th><th class=\"column-6\">01.09 - 30.09<\/th>\n<\/tr>\n<\/thead>\n<tbody class=\"row-hover\">\n<tr class=\"row-2 even\">\n\t<td class=\"column-1\">Dvokrevetna soba<\/td><td class=\"column-2\">80<\/td><td class=\"column-3\">90<\/td><td class=\"column-4\">100<\/td><td class=\"column-5\">90<\/td><td class=\"column-6\">80<\/td>\n<\/tr>\n<tr class=\"row-3 odd\">\n\t<td class=\"column-1\">Soba 5<\/td><td class=\"column-2\">86<\/td><td class=\"column-3\">96<\/td><td class=\"column-4\">106<\/td><td class=\"column-5\">96<\/td><td class=\"column-6\">86<\/td>\n<\/tr>\n<\/tbody>\n<\/table>\n\n<p>Sve cijene u Euro na dan. U cijenu ura\u010dunat doru\u010dak, boravi\u0161na pristojba i PDV.<\/p>\n<p>Prijava 5,- \u20ac\u00a0 po osobi.<\/p>\n<p>Boravak kra\u0107i od 4 no\u0107i: 30 % vi\u0161e.<\/p>\n<p>Na dan dolaska, sobu mo\u017eete koristiti od 14 h.<\/p>\n<p>Na dan odlaska, molimo Vas da napustite sobu do 11 h.<\/p>\n<p>Ni u jednoj sobi pu\u0161enje nije dopu\u0161teno.<\/p>\n<p>Ku\u0107ne ljubimce ne primamo (zahvaljujemo na razumijevanju).<\/p>\n<p>Pristup besplatnom internetu.<\/p>\n","protected":false},"excerpt":{"rendered":"<p>Sve cijene u Euro na dan. U cijenu ura\u010dunat doru\u010dak, boravi\u0161na pristojba i PDV. Prijava 5,- \u20ac\u00a0 po osobi. Boravak kra\u0107i od 4 no\u0107i: 30 % vi\u0161e. Na dan dolaska, sobu mo\u017eete koristiti od 14 h. Na dan odlaska, molimo Vas da napustite sobu do 11 h. Ni u jednoj sobi pu\u0161enje nije dopu\u0161teno. Ku\u0107ne &hellip; <a href=\"http:\/\/pansion-ivo.com\/?page_id=55\" class=\"more-link\"><span class=\"screen-reader-text\">Cijene<\/span> weiterlesen <span class=\"meta-nav\">&rarr;<\/span><\/a><\/p>\n","protected":false},"author":1,"featured_media":0,"parent":0,"menu_order":0,"comment_status":"closed","ping_status":"closed","template":"","meta":{"footnotes":""},"class_list":["post-55","page","type-page","status-publish","hentry"],"_links":{"self":[{"href":"http:\/\/pansion-ivo.com\/index.php?rest_route=\/wp\/v2\/pages\/55","targetHints":{"allow":["GET"]}}],"collection":[{"href":"http:\/\/pansion-ivo.com\/index.php?rest_route=\/wp\/v2\/pages"}],"about":[{"href":"http:\/\/pansion-ivo.com\/index.php?rest_route=\/wp\/v2\/types\/page"}],"author":[{"embeddable":true,"href":"http:\/\/pansion-ivo.com\/index.php?rest_route=\/wp\/v2\/users\/1"}],"replies":[{"embeddable":true,"href":"http:\/\/pansion-ivo.com\/index.php?rest_route=%2Fwp%2Fv2%2Fcomments&post=55"}],"version-history":[{"count":38,"href":"http:\/\/pansion-ivo.com\/index.php?rest_route=\/wp\/v2\/pages\/55\/revisions"}],"predecessor-version":[{"id":618,"href":"http:\/\/pansion-ivo.com\/index.php?rest_route=\/wp\/v2\/pages\/55\/revisions\/618"}],"wp:attachment":[{"href":"http:\/\/pansion-ivo.com\/index.php?rest_route=%2Fwp%2Fv2%2Fmedia&parent=55"}],"curies":[{"name":"wp","href":"https:\/\/api.w.org\/{rel}","templated":true}]}}