{"id":277,"date":"2014-05-20T09:49:08","date_gmt":"2014-05-20T07:49:08","guid":{"rendered":"http:\/\/pansion-ivo.com\/?page_id=277"},"modified":"2023-05-21T13:34:22","modified_gmt":"2023-05-21T11:34:22","slug":"deutsch","status":"publish","type":"page","link":"http:\/\/pansion-ivo.com\/?page_id=277","title":{"rendered":"DEUTSCH"},"content":{"rendered":"<p>Familie Baj\u010di\u0107 hei\u00dft Sie herzlich willkommen im B&amp;B Dubasa.<\/p>\n<p><a href=\"http:\/\/pansion-ivo.com\/wp-content\/uploads\/2015\/08\/MI-WP-1t.jpg\"><img loading=\"lazy\" decoding=\"async\" class=\"alignnone size-full wp-image-541\" src=\"http:\/\/pansion-ivo.com\/wp-content\/uploads\/2015\/08\/MI-WP-1t.jpg\" alt=\"MI-WP-1t\" width=\"1200\" height=\"672\" srcset=\"http:\/\/pansion-ivo.com\/wp-content\/uploads\/2015\/08\/MI-WP-1t.jpg 1200w, http:\/\/pansion-ivo.com\/wp-content\/uploads\/2015\/08\/MI-WP-1t-300x168.jpg 300w, http:\/\/pansion-ivo.com\/wp-content\/uploads\/2015\/08\/MI-WP-1t-1024x573.jpg 1024w\" sizes=\"auto, (max-width: 1200px) 100vw, 1200px\" \/><\/a><\/p>\n","protected":false},"excerpt":{"rendered":"<p>Familie Baj\u010di\u0107 hei\u00dft Sie herzlich willkommen im B&amp;B Dubasa.<\/p>\n","protected":false},"author":1,"featured_media":0,"parent":0,"menu_order":0,"comment_status":"closed","ping_status":"closed","template":"","meta":{"footnotes":""},"class_list":["post-277","page","type-page","status-publish","hentry"],"_links":{"self":[{"href":"http:\/\/pansion-ivo.com\/index.php?rest_route=\/wp\/v2\/pages\/277","targetHints":{"allow":["GET"]}}],"collection":[{"href":"http:\/\/pansion-ivo.com\/index.php?rest_route=\/wp\/v2\/pages"}],"about":[{"href":"http:\/\/pansion-ivo.com\/index.php?rest_route=\/wp\/v2\/types\/page"}],"author":[{"embeddable":true,"href":"http:\/\/pansion-ivo.com\/index.php?rest_route=\/wp\/v2\/users\/1"}],"replies":[{"embeddable":true,"href":"http:\/\/pansion-ivo.com\/index.php?rest_route=%2Fwp%2Fv2%2Fcomments&post=277"}],"version-history":[{"count":9,"href":"http:\/\/pansion-ivo.com\/index.php?rest_route=\/wp\/v2\/pages\/277\/revisions"}],"predecessor-version":[{"id":631,"href":"http:\/\/pansion-ivo.com\/index.php?rest_route=\/wp\/v2\/pages\/277\/revisions\/631"}],"wp:attachment":[{"href":"http:\/\/pansion-ivo.com\/index.php?rest_route=%2Fwp%2Fv2%2Fmedia&parent=277"}],"curies":[{"name":"wp","href":"https:\/\/api.w.org\/{rel}","templated":true}]}}