{"id":274,"date":"2014-05-20T09:46:40","date_gmt":"2014-05-20T07:46:40","guid":{"rendered":"http:\/\/pansion-ivo.com\/?page_id=274"},"modified":"2023-05-21T13:33:56","modified_gmt":"2023-05-21T11:33:56","slug":"hrvatski-2","status":"publish","type":"page","link":"http:\/\/pansion-ivo.com\/?page_id=274","title":{"rendered":"HRVATSKI"},"content":{"rendered":"<p>Obitelj Baj\u010di\u0107 Vam \u017eeli srda\u010dnu dobrodo\u0161licu u B&amp;B Dubasa.<\/p>\n<p><a href=\"http:\/\/pansion-ivo.com\/wp-content\/uploads\/2015\/08\/MI-WP-1t.jpg\"><img loading=\"lazy\" decoding=\"async\" class=\"alignnone  wp-image-541\" src=\"http:\/\/pansion-ivo.com\/wp-content\/uploads\/2015\/08\/MI-WP-1t.jpg\" alt=\"MI-WP-1t\" width=\"577\" height=\"323\" srcset=\"http:\/\/pansion-ivo.com\/wp-content\/uploads\/2015\/08\/MI-WP-1t.jpg 1200w, http:\/\/pansion-ivo.com\/wp-content\/uploads\/2015\/08\/MI-WP-1t-300x168.jpg 300w, http:\/\/pansion-ivo.com\/wp-content\/uploads\/2015\/08\/MI-WP-1t-1024x573.jpg 1024w\" sizes=\"auto, (max-width: 577px) 100vw, 577px\" \/><\/a><\/p>\n","protected":false},"excerpt":{"rendered":"<p>Obitelj Baj\u010di\u0107 Vam \u017eeli srda\u010dnu dobrodo\u0161licu u B&amp;B Dubasa.<\/p>\n","protected":false},"author":1,"featured_media":0,"parent":0,"menu_order":0,"comment_status":"closed","ping_status":"closed","template":"","meta":{"footnotes":""},"class_list":["post-274","page","type-page","status-publish","hentry"],"_links":{"self":[{"href":"http:\/\/pansion-ivo.com\/index.php?rest_route=\/wp\/v2\/pages\/274","targetHints":{"allow":["GET"]}}],"collection":[{"href":"http:\/\/pansion-ivo.com\/index.php?rest_route=\/wp\/v2\/pages"}],"about":[{"href":"http:\/\/pansion-ivo.com\/index.php?rest_route=\/wp\/v2\/types\/page"}],"author":[{"embeddable":true,"href":"http:\/\/pansion-ivo.com\/index.php?rest_route=\/wp\/v2\/users\/1"}],"replies":[{"embeddable":true,"href":"http:\/\/pansion-ivo.com\/index.php?rest_route=%2Fwp%2Fv2%2Fcomments&post=274"}],"version-history":[{"count":13,"href":"http:\/\/pansion-ivo.com\/index.php?rest_route=\/wp\/v2\/pages\/274\/revisions"}],"predecessor-version":[{"id":630,"href":"http:\/\/pansion-ivo.com\/index.php?rest_route=\/wp\/v2\/pages\/274\/revisions\/630"}],"wp:attachment":[{"href":"http:\/\/pansion-ivo.com\/index.php?rest_route=%2Fwp%2Fv2%2Fmedia&parent=274"}],"curies":[{"name":"wp","href":"https:\/\/api.w.org\/{rel}","templated":true}]}}